{"id":357,"date":"2025-10-01T11:45:37","date_gmt":"2025-10-01T11:45:37","guid":{"rendered":"https:\/\/bbautokozmetika.hu\/?page_id=357"},"modified":"2025-10-01T11:48:29","modified_gmt":"2025-10-01T11:48:29","slug":"impresszum","status":"publish","type":"page","link":"https:\/\/bbautokozmetika.hu\/en\/impresszum\/","title":{"rendered":"impresszum"},"content":{"rendered":"<style>.elementor-357 .elementor-element.elementor-element-95fd42e > .elementor-container{max-width:1160px;}.elementor-357 .elementor-element.elementor-element-95fd42e:not(.elementor-motion-effects-element-type-background), .elementor-357 .elementor-element.elementor-element-95fd42e > .elementor-motion-effects-container > .elementor-motion-effects-layer{background-image:url(\"https:\/\/bbautokozmetika.hu\/wp-content\/uploads\/2025\/09\/car-e1635755342642.jpg\");background-position:center center;background-repeat:no-repeat;background-size:cover;}.elementor-357 .elementor-element.elementor-element-95fd42e > .elementor-background-overlay{background-color:transparent;background-image:linear-gradient(290deg, var( --e-global-color-primary ) 33%, var( --e-global-color-0cc15bf ) 0%);opacity:0.6;transition:background 0.3s, border-radius 0.3s, opacity 0.3s;}.elementor-357 .elementor-element.elementor-element-95fd42e{transition:background 0.3s, border 0.3s, border-radius 0.3s, box-shadow 0.3s;padding:220px 0px 150px 0px;}.elementor-bc-flex-widget .elementor-357 .elementor-element.elementor-element-a347b0d.elementor-column .elementor-widget-wrap{align-items:center;}.elementor-357 .elementor-element.elementor-element-a347b0d.elementor-column.elementor-element[data-element_type=\"column\"] > .elementor-widget-wrap.elementor-element-populated{align-content:center;align-items:center;}.elementor-357 .elementor-element.elementor-element-a347b0d.elementor-column > .elementor-widget-wrap{justify-content:center;}.elementor-357 .elementor-element.elementor-element-ad48213{text-align:center;}.elementor-357 .elementor-element.elementor-element-ad48213 .elementor-heading-title{font-family:var( --e-global-typography-secondary-font-family ), Sans-serif;font-size:var( --e-global-typography-secondary-font-size );font-weight:var( --e-global-typography-secondary-font-weight );line-height:var( --e-global-typography-secondary-line-height );color:var( --e-global-color-ce3fd52 );}.elementor-357 .elementor-element.elementor-element-d07f848{--display:flex;--flex-direction:row;--container-widget-width:initial;--container-widget-height:100%;--container-widget-flex-grow:1;--container-widget-align-self:stretch;--flex-wrap-mobile:wrap;--gap:0px 0px;--row-gap:0px;--column-gap:0px;--margin-top:50px;--margin-bottom:0px;--margin-left:0px;--margin-right:0px;}.elementor-357 .elementor-element.elementor-element-3408692{--display:flex;--flex-direction:column;--container-widget-width:100%;--container-widget-height:initial;--container-widget-flex-grow:0;--container-widget-align-self:initial;--flex-wrap-mobile:wrap;}.elementor-357 .elementor-element.elementor-element-b992c8b{--display:flex;--flex-direction:column;--container-widget-width:100%;--container-widget-height:initial;--container-widget-flex-grow:0;--container-widget-align-self:initial;--flex-wrap-mobile:wrap;}:root{--page-title-display:none;}@media(min-width:768px){.elementor-357 .elementor-element.elementor-element-3408692{--width:50%;}.elementor-357 .elementor-element.elementor-element-b992c8b{--width:50%;}}@media(max-width:1024px){.elementor-357 .elementor-element.elementor-element-95fd42e{padding:220px 0px 100px 0px;}.elementor-357 .elementor-element.elementor-element-ad48213 .elementor-heading-title{font-size:var( --e-global-typography-secondary-font-size );line-height:var( --e-global-typography-secondary-line-height );}}@media(max-width:767px){.elementor-357 .elementor-element.elementor-element-ad48213 .elementor-heading-title{font-size:var( --e-global-typography-secondary-font-size );line-height:var( --e-global-typography-secondary-line-height );}}@media(min-width:1025px){.elementor-357 .elementor-element.elementor-element-95fd42e:not(.elementor-motion-effects-element-type-background), .elementor-357 .elementor-element.elementor-element-95fd42e > .elementor-motion-effects-container > .elementor-motion-effects-layer{background-attachment:scroll;}}<\/style>\t\t<div data-elementor-type=\"wp-page\" data-elementor-id=\"357\" class=\"elementor elementor-357\" data-elementor-post-type=\"page\">\n\t\t\t\t\t\t<section class=\"elementor-section elementor-top-section elementor-element elementor-element-95fd42e elementor-section-boxed elementor-section-height-default elementor-section-height-default\" data-id=\"95fd42e\" data-element_type=\"section\" data-e-type=\"section\" data-settings=\"{&quot;background_background&quot;:&quot;classic&quot;}\">\n\t\t\t\t\t\t\t<div class=\"elementor-background-overlay\"><\/div>\n\t\t\t\t\t\t\t<div class=\"elementor-container elementor-column-gap-default\">\n\t\t\t\t\t<div class=\"elementor-column elementor-col-100 elementor-top-column elementor-element elementor-element-a347b0d\" data-id=\"a347b0d\" data-element_type=\"column\" data-e-type=\"column\">\n\t\t\t<div class=\"elementor-widget-wrap elementor-element-populated\">\n\t\t\t\t\t\t<div class=\"elementor-element elementor-element-ad48213 elementor-widget elementor-widget-heading\" data-id=\"ad48213\" data-element_type=\"widget\" data-e-type=\"widget\" data-widget_type=\"heading.default\">\n\t\t\t\t<div class=\"elementor-widget-container\">\n\t\t\t\t\t<h2 class=\"elementor-heading-title elementor-size-default\">IMPRESSZUM<\/h2>\t\t\t\t<\/div>\n\t\t\t\t<\/div>\n\t\t\t\t\t<\/div>\n\t\t<\/div>\n\t\t\t\t\t<\/div>\n\t\t<\/section>\n\t\t<div class=\"elementor-element elementor-element-d07f848 e-flex e-con-boxed e-con e-parent\" data-id=\"d07f848\" data-element_type=\"container\" data-e-type=\"container\">\n\t\t\t\t\t<div class=\"e-con-inner\">\n\t\t<div class=\"elementor-element elementor-element-3408692 e-con-full e-flex e-con e-child\" data-id=\"3408692\" data-element_type=\"container\" data-e-type=\"container\">\n\t\t\t\t<div class=\"elementor-element elementor-element-8f4f187 elementor-widget elementor-widget-text-editor\" data-id=\"8f4f187\" data-element_type=\"widget\" data-e-type=\"widget\" data-widget_type=\"text-editor.default\">\n\t\t\t\t<div class=\"elementor-widget-container\">\n\t\t\t\t\t\t\t\t\t<p data-start=\"201\" data-end=\"238\"><strong data-start=\"201\" data-end=\"236\">Szolg\u00e1ltat\u00f3 \/ Adatkezel\u0151 adatai<\/strong><\/p><ul data-start=\"239\" data-end=\"511\"><li data-start=\"239\" data-end=\"277\"><p data-start=\"241\" data-end=\"277\">C\u00e9gn\u00e9v: <strong data-start=\"249\" data-end=\"275\">JBB Car Cosmetics Kft.<\/strong><\/p><\/li><li data-start=\"278\" data-end=\"326\"><p data-start=\"280\" data-end=\"326\">Sz\u00e9khely: <strong data-start=\"290\" data-end=\"324\">1021 Budapest, T\u00e1rogat\u00f3 \u00fat 83.<\/strong><\/p><\/li><li data-start=\"327\" data-end=\"363\"><p data-start=\"329\" data-end=\"363\">C\u00e9gjegyz\u00e9ksz\u00e1m: <strong data-start=\"345\" data-end=\"361\">01-09-448480<\/strong><\/p><\/li><li data-start=\"364\" data-end=\"394\"><p data-start=\"366\" data-end=\"394\">Ad\u00f3sz\u00e1m: <strong data-start=\"375\" data-end=\"392\">32899081-1-41<\/strong><\/p><\/li><li data-start=\"395\" data-end=\"436\"><p data-start=\"397\" data-end=\"436\">\u00dcgyvezet\u0151: <strong data-start=\"408\" data-end=\"434\">Jakabos Benedek B\u00e1lint<\/strong><\/p><\/li><li data-start=\"437\" data-end=\"474\"><p data-start=\"439\" data-end=\"474\">E-mail: <strong data-start=\"447\" data-end=\"472\"><a class=\"decorated-link cursor-pointer\" rel=\"noopener\" data-start=\"449\" data-end=\"470\">jakabosbeni@gmail.com<\/a><\/strong><\/p><\/li><li data-start=\"475\" data-end=\"511\"><p data-start=\"477\" data-end=\"511\">Telefonsz\u00e1m: <strong data-start=\"490\" data-end=\"509\">+36 20 356 9496<\/strong><\/p><\/li><\/ul>\t\t\t\t\t\t\t\t<\/div>\n\t\t\t\t<\/div>\n\t\t\t\t<\/div>\n\t\t<div class=\"elementor-element elementor-element-b992c8b e-con-full e-flex e-con e-child\" data-id=\"b992c8b\" data-element_type=\"container\" data-e-type=\"container\">\n\t\t\t\t<div class=\"elementor-element elementor-element-e3ff25d elementor-widget elementor-widget-text-editor\" data-id=\"e3ff25d\" data-element_type=\"widget\" data-e-type=\"widget\" data-widget_type=\"text-editor.default\">\n\t\t\t\t<div class=\"elementor-widget-container\">\n\t\t\t\t\t\t\t\t\t<p data-start=\"518\" data-end=\"549\"><strong data-start=\"518\" data-end=\"547\">T\u00e1rhelyszolg\u00e1ltat\u00f3 adatai<\/strong><\/p><ul data-start=\"550\" data-end=\"764\"><li data-start=\"550\" data-end=\"577\"><p data-start=\"552\" data-end=\"577\">C\u00e9gn\u00e9v: <strong data-start=\"560\" data-end=\"575\">DEVBOX Kft.<\/strong><\/p><\/li><li data-start=\"578\" data-end=\"631\"><p data-start=\"580\" data-end=\"631\">Sz\u00e9khely: <strong data-start=\"590\" data-end=\"629\">7054 Tengelic, R\u00e1k\u00f3czi Ferenc u. 9.<\/strong><\/p><\/li><li data-start=\"632\" data-end=\"668\"><p data-start=\"634\" data-end=\"668\">C\u00e9gjegyz\u00e9ksz\u00e1m: <strong data-start=\"650\" data-end=\"666\">17-09-010568<\/strong><\/p><\/li><li data-start=\"669\" data-end=\"699\"><p data-start=\"671\" data-end=\"699\">Ad\u00f3sz\u00e1m: <strong data-start=\"680\" data-end=\"697\">25170605-2-17<\/strong><\/p><\/li><li data-start=\"700\" data-end=\"764\"><p data-start=\"702\" data-end=\"764\">Nyilv\u00e1ntart\u00f3 hat\u00f3s\u00e1g: <strong data-start=\"724\" data-end=\"762\">Szeksz\u00e1rdi T\u00f6rv\u00e9nysz\u00e9k C\u00e9gb\u00edr\u00f3s\u00e1ga<\/strong><\/p><\/li><\/ul>\t\t\t\t\t\t\t\t<\/div>\n\t\t\t\t<\/div>\n\t\t\t\t<\/div>\n\t\t\t\t\t<\/div>\n\t\t\t\t<\/div>\n\t\t\t\t<\/div>\n\t\t","protected":false},"excerpt":{"rendered":"<p>IMPRESSZUM Szolg\u00e1ltat\u00f3 \/ Adatkezel\u0151 adatai C\u00e9gn\u00e9v: JBB Car Cosmetics Kft. Sz\u00e9khely: 1021 Budapest, T\u00e1rogat\u00f3 \u00fat 83. C\u00e9gjegyz\u00e9ksz\u00e1m: 01-09-448480 Ad\u00f3sz\u00e1m: 32899081-1-41 \u00dcgyvezet\u0151: Jakabos Benedek B\u00e1lint E-mail: jakabosbeni@gmail.com Telefonsz\u00e1m: +36 20 356 9496 T\u00e1rhelyszolg\u00e1ltat\u00f3 adatai C\u00e9gn\u00e9v: DEVBOX Kft. Sz\u00e9khely: 7054 Tengelic, R\u00e1k\u00f3czi Ferenc u. 9. C\u00e9gjegyz\u00e9ksz\u00e1m: 17-09-010568 Ad\u00f3sz\u00e1m: 25170605-2-17 Nyilv\u00e1ntart\u00f3 hat\u00f3s\u00e1g: Szeksz\u00e1rdi T\u00f6rv\u00e9nysz\u00e9k C\u00e9gb\u00edr\u00f3s\u00e1ga<\/p>","protected":false},"author":1,"featured_media":0,"parent":0,"menu_order":0,"comment_status":"closed","ping_status":"closed","template":"elementor_header_footer","meta":{"footnotes":""},"class_list":["post-357","page","type-page","status-publish","hentry"],"_links":{"self":[{"href":"https:\/\/bbautokozmetika.hu\/en\/wp-json\/wp\/v2\/pages\/357","targetHints":{"allow":["GET"]}}],"collection":[{"href":"https:\/\/bbautokozmetika.hu\/en\/wp-json\/wp\/v2\/pages"}],"about":[{"href":"https:\/\/bbautokozmetika.hu\/en\/wp-json\/wp\/v2\/types\/page"}],"author":[{"embeddable":true,"href":"https:\/\/bbautokozmetika.hu\/en\/wp-json\/wp\/v2\/users\/1"}],"replies":[{"embeddable":true,"href":"https:\/\/bbautokozmetika.hu\/en\/wp-json\/wp\/v2\/comments?post=357"}],"version-history":[{"count":7,"href":"https:\/\/bbautokozmetika.hu\/en\/wp-json\/wp\/v2\/pages\/357\/revisions"}],"predecessor-version":[{"id":364,"href":"https:\/\/bbautokozmetika.hu\/en\/wp-json\/wp\/v2\/pages\/357\/revisions\/364"}],"wp:attachment":[{"href":"https:\/\/bbautokozmetika.hu\/en\/wp-json\/wp\/v2\/media?parent=357"}],"curies":[{"name":"wp","href":"https:\/\/api.w.org\/{rel}","templated":true}]}}