{"id":351,"date":"2025-10-01T11:43:00","date_gmt":"2025-10-01T11:43:00","guid":{"rendered":"https:\/\/bbautokozmetika.hu\/?page_id=351"},"modified":"2025-10-01T11:44:42","modified_gmt":"2025-10-01T11:44:42","slug":"adatkezelesi-tajekoztato","status":"publish","type":"page","link":"https:\/\/bbautokozmetika.hu\/en\/adatkezelesi-tajekoztato\/","title":{"rendered":"Adatkezel\u00e9si t\u00e1j\u00e9koztat\u00f3"},"content":{"rendered":"<style>.elementor-351 .elementor-element.elementor-element-76ef715 > .elementor-container{max-width:1160px;}.elementor-351 .elementor-element.elementor-element-76ef715:not(.elementor-motion-effects-element-type-background), .elementor-351 .elementor-element.elementor-element-76ef715 > .elementor-motion-effects-container > .elementor-motion-effects-layer{background-image:url(\"https:\/\/bbautokozmetika.hu\/wp-content\/uploads\/2025\/09\/car-e1635755342642.jpg\");background-position:center center;background-repeat:no-repeat;background-size:cover;}.elementor-351 .elementor-element.elementor-element-76ef715 > .elementor-background-overlay{background-color:transparent;background-image:linear-gradient(290deg, var( --e-global-color-primary ) 33%, var( --e-global-color-0cc15bf ) 0%);opacity:0.6;transition:background 0.3s, border-radius 0.3s, opacity 0.3s;}.elementor-351 .elementor-element.elementor-element-76ef715{transition:background 0.3s, border 0.3s, border-radius 0.3s, box-shadow 0.3s;padding:220px 0px 150px 0px;}.elementor-bc-flex-widget .elementor-351 .elementor-element.elementor-element-56de6be.elementor-column .elementor-widget-wrap{align-items:center;}.elementor-351 .elementor-element.elementor-element-56de6be.elementor-column.elementor-element[data-element_type=\"column\"] > .elementor-widget-wrap.elementor-element-populated{align-content:center;align-items:center;}.elementor-351 .elementor-element.elementor-element-56de6be.elementor-column > .elementor-widget-wrap{justify-content:center;}.elementor-351 .elementor-element.elementor-element-aa6c091{text-align:center;}.elementor-351 .elementor-element.elementor-element-aa6c091 .elementor-heading-title{font-family:var( --e-global-typography-secondary-font-family ), Sans-serif;font-size:var( --e-global-typography-secondary-font-size );font-weight:var( --e-global-typography-secondary-font-weight );line-height:var( --e-global-typography-secondary-line-height );color:var( --e-global-color-ce3fd52 );}.elementor-351 .elementor-element.elementor-element-c81f242{--display:flex;--margin-top:50px;--margin-bottom:0px;--margin-left:0px;--margin-right:0px;}:root{--page-title-display:none;}@media(min-width:1025px){.elementor-351 .elementor-element.elementor-element-76ef715:not(.elementor-motion-effects-element-type-background), .elementor-351 .elementor-element.elementor-element-76ef715 > .elementor-motion-effects-container > .elementor-motion-effects-layer{background-attachment:scroll;}}@media(max-width:1024px){.elementor-351 .elementor-element.elementor-element-76ef715{padding:220px 0px 100px 0px;}.elementor-351 .elementor-element.elementor-element-aa6c091 .elementor-heading-title{font-size:var( --e-global-typography-secondary-font-size );line-height:var( --e-global-typography-secondary-line-height );}}@media(max-width:767px){.elementor-351 .elementor-element.elementor-element-aa6c091 .elementor-heading-title{font-size:var( --e-global-typography-secondary-font-size );line-height:var( --e-global-typography-secondary-line-height );}}<\/style>\t\t<div data-elementor-type=\"wp-page\" data-elementor-id=\"351\" class=\"elementor elementor-351\" data-elementor-post-type=\"page\">\n\t\t\t\t\t\t<section class=\"elementor-section elementor-top-section elementor-element elementor-element-76ef715 elementor-section-boxed elementor-section-height-default elementor-section-height-default\" data-id=\"76ef715\" data-element_type=\"section\" data-e-type=\"section\" data-settings=\"{&quot;background_background&quot;:&quot;classic&quot;}\">\n\t\t\t\t\t\t\t<div class=\"elementor-background-overlay\"><\/div>\n\t\t\t\t\t\t\t<div class=\"elementor-container elementor-column-gap-default\">\n\t\t\t\t\t<div class=\"elementor-column elementor-col-100 elementor-top-column elementor-element elementor-element-56de6be\" data-id=\"56de6be\" data-element_type=\"column\" data-e-type=\"column\">\n\t\t\t<div class=\"elementor-widget-wrap elementor-element-populated\">\n\t\t\t\t\t\t<div class=\"elementor-element elementor-element-aa6c091 elementor-widget elementor-widget-heading\" data-id=\"aa6c091\" data-element_type=\"widget\" data-e-type=\"widget\" data-widget_type=\"heading.default\">\n\t\t\t\t<div class=\"elementor-widget-container\">\n\t\t\t\t\t<h2 class=\"elementor-heading-title elementor-size-default\">ADATKEZEL\u00c9SI T\u00c1J\u00c9KOZTAT\u00d3<\/h2>\t\t\t\t<\/div>\n\t\t\t\t<\/div>\n\t\t\t\t\t<\/div>\n\t\t<\/div>\n\t\t\t\t\t<\/div>\n\t\t<\/section>\n\t\t<div class=\"elementor-element elementor-element-c81f242 e-flex e-con-boxed e-con e-parent\" data-id=\"c81f242\" data-element_type=\"container\" data-e-type=\"container\">\n\t\t\t\t\t<div class=\"e-con-inner\">\n\t\t\t\t<div class=\"elementor-element elementor-element-324c431 elementor-widget elementor-widget-text-editor\" data-id=\"324c431\" data-element_type=\"widget\" data-e-type=\"widget\" data-widget_type=\"text-editor.default\">\n\t\t\t\t<div class=\"elementor-widget-container\">\n\t\t\t\t\t\t\t\t\t<h3 data-start=\"264\" data-end=\"292\">Adatkezel\u00e9si T\u00e1j\u00e9koztat\u00f3<\/h3><p data-start=\"293\" data-end=\"338\"><strong data-start=\"293\" data-end=\"338\">JBB Car Cosmetics Kft. \u2013 BB Aut\u00f3kozmetika<\/strong><\/p><p data-start=\"340\" data-end=\"385\">Hat\u00e1lyos: 2025. okt\u00f3ber 1-t\u0151l visszavon\u00e1sig<\/p><hr data-start=\"387\" data-end=\"390\" \/><h3 data-start=\"392\" data-end=\"418\">1. Az adatkezel\u0151 adatai<\/h3><ul data-start=\"419\" data-end=\"689\"><li data-start=\"419\" data-end=\"457\"><p data-start=\"421\" data-end=\"457\">C\u00e9gn\u00e9v: <strong data-start=\"429\" data-end=\"455\">JBB Car Cosmetics Kft.<\/strong><\/p><\/li><li data-start=\"458\" data-end=\"506\"><p data-start=\"460\" data-end=\"506\">Sz\u00e9khely: <strong data-start=\"470\" data-end=\"504\">1021 Budapest, T\u00e1rogat\u00f3 \u00fat 83.<\/strong><\/p><\/li><li data-start=\"507\" data-end=\"543\"><p data-start=\"509\" data-end=\"543\">C\u00e9gjegyz\u00e9ksz\u00e1m: <strong data-start=\"525\" data-end=\"541\">01-09-448480<\/strong><\/p><\/li><li data-start=\"544\" data-end=\"574\"><p data-start=\"546\" data-end=\"574\">Ad\u00f3sz\u00e1m: <strong data-start=\"555\" data-end=\"572\">32899081-1-41<\/strong><\/p><\/li><li data-start=\"575\" data-end=\"616\"><p data-start=\"577\" data-end=\"616\">\u00dcgyvezet\u0151: <strong data-start=\"588\" data-end=\"614\">Jakabos Benedek B\u00e1lint<\/strong><\/p><\/li><li data-start=\"617\" data-end=\"654\"><p data-start=\"619\" data-end=\"654\">E-mail: <strong data-start=\"627\" data-end=\"652\"><a class=\"decorated-link cursor-pointer\" rel=\"noopener\" data-start=\"629\" data-end=\"650\">jakabosbeni@gmail.com<\/a><\/strong><\/p><\/li><li data-start=\"655\" data-end=\"689\"><p data-start=\"657\" data-end=\"689\">Telefonsz\u00e1m: <strong data-start=\"670\" data-end=\"689\">+36 20 356 9496<\/strong><\/p><\/li><\/ul><p data-start=\"691\" data-end=\"712\">T\u00e1rhelyszolg\u00e1ltat\u00f3:<\/p><ul data-start=\"713\" data-end=\"925\"><li data-start=\"713\" data-end=\"740\"><p data-start=\"715\" data-end=\"740\">C\u00e9gn\u00e9v: <strong data-start=\"723\" data-end=\"738\">DEVBOX Kft.<\/strong><\/p><\/li><li data-start=\"741\" data-end=\"794\"><p data-start=\"743\" data-end=\"794\">Sz\u00e9khely: <strong data-start=\"753\" data-end=\"792\">7054 Tengelic, R\u00e1k\u00f3czi Ferenc u. 9.<\/strong><\/p><\/li><li data-start=\"795\" data-end=\"831\"><p data-start=\"797\" data-end=\"831\">C\u00e9gjegyz\u00e9ksz\u00e1m: <strong data-start=\"813\" data-end=\"829\">17-09-010568<\/strong><\/p><\/li><li data-start=\"832\" data-end=\"862\"><p data-start=\"834\" data-end=\"862\">Ad\u00f3sz\u00e1m: <strong data-start=\"843\" data-end=\"860\">25170605-2-17<\/strong><\/p><\/li><li data-start=\"863\" data-end=\"925\"><p data-start=\"865\" data-end=\"925\">Nyilv\u00e1ntart\u00f3 hat\u00f3s\u00e1g: <strong data-start=\"887\" data-end=\"925\">Szeksz\u00e1rdi T\u00f6rv\u00e9nysz\u00e9k C\u00e9gb\u00edr\u00f3s\u00e1ga<\/strong><\/p><\/li><\/ul><hr data-start=\"927\" data-end=\"930\" \/><h3 data-start=\"932\" data-end=\"958\">2. Az adatkezel\u00e9s c\u00e9lja<\/h3><p data-start=\"959\" data-end=\"1075\">Az adatkezel\u00e9s c\u00e9lja a BB Aut\u00f3kozmetika szolg\u00e1ltat\u00e1sainak ny\u00fajt\u00e1sa \u00e9s a kapcsolattart\u00e1s az \u00fcgyfelekkel, k\u00fcl\u00f6n\u00f6sen:<\/p><ul data-start=\"1076\" data-end=\"1276\"><li data-start=\"1076\" data-end=\"1129\"><p data-start=\"1078\" data-end=\"1129\">id\u0151pontfoglal\u00e1s, szolg\u00e1ltat\u00e1s ny\u00fajt\u00e1sa, sz\u00e1ml\u00e1z\u00e1s<\/p><\/li><li data-start=\"1130\" data-end=\"1179\"><p data-start=\"1132\" data-end=\"1179\">\u00fcgyf\u00e9lkapcsolat fenntart\u00e1sa (telefon, e-mail)<\/p><\/li><li data-start=\"1180\" data-end=\"1197\"><p data-start=\"1182\" data-end=\"1197\">panaszkezel\u00e9s<\/p><\/li><li data-start=\"1198\" data-end=\"1276\"><p data-start=\"1200\" data-end=\"1276\">jogszab\u00e1lyi k\u00f6telezetts\u00e9gek teljes\u00edt\u00e9se (sz\u00e1mviteli bizonylatok meg\u0151rz\u00e9se)<\/p><\/li><\/ul><hr data-start=\"1278\" data-end=\"1281\" \/><h3 data-start=\"1283\" data-end=\"1307\">3. Kezelt adatok k\u00f6re<\/h3><p data-start=\"1308\" data-end=\"1407\">Az \u00fcgyf\u00e9lt\u0151l a szolg\u00e1ltat\u00e1s ig\u00e9nybev\u00e9tele sor\u00e1n az al\u00e1bbi szem\u00e9lyes adatok ker\u00fclhetnek kezel\u00e9sre:<\/p><ul data-start=\"1408\" data-end=\"1557\"><li data-start=\"1408\" data-end=\"1415\"><p data-start=\"1410\" data-end=\"1415\">n\u00e9v<\/p><\/li><li data-start=\"1416\" data-end=\"1430\"><p data-start=\"1418\" data-end=\"1430\">e-mail c\u00edm<\/p><\/li><li data-start=\"1431\" data-end=\"1446\"><p data-start=\"1433\" data-end=\"1446\">telefonsz\u00e1m<\/p><\/li><li data-start=\"1447\" data-end=\"1493\"><p data-start=\"1449\" data-end=\"1493\">g\u00e9pj\u00e1rm\u0171 adatai (rendsz\u00e1m, t\u00edpus, \u00e1llapot)<\/p><\/li><li data-start=\"1494\" data-end=\"1557\"><p data-start=\"1496\" data-end=\"1557\">sz\u00e1ml\u00e1z\u00e1si adatok (n\u00e9v, c\u00edm, ad\u00f3sz\u00e1m \u2013 jogi szem\u00e9ly eset\u00e9n)<\/p><\/li><\/ul><hr data-start=\"1559\" data-end=\"1562\" \/><h3 data-start=\"1564\" data-end=\"1594\">4. Az adatkezel\u00e9s jogalapja<\/h3><p data-start=\"1595\" data-end=\"1643\">Az adatkezel\u00e9s az al\u00e1bbi jogalapokon t\u00f6rt\u00e9nik:<\/p><ul data-start=\"1644\" data-end=\"1900\"><li data-start=\"1644\" data-end=\"1717\"><p data-start=\"1646\" data-end=\"1717\"><strong data-start=\"1646\" data-end=\"1669\">GDPR 6. cikk (1) b)<\/strong> \u2013 szerz\u0151d\u00e9s teljes\u00edt\u00e9se (szolg\u00e1ltat\u00e1sny\u00fajt\u00e1s)<\/p><\/li><li data-start=\"1718\" data-end=\"1813\"><p data-start=\"1720\" data-end=\"1813\"><strong data-start=\"1720\" data-end=\"1743\">GDPR 6. cikk (1) c)<\/strong> \u2013 jogi k\u00f6telezetts\u00e9g teljes\u00edt\u00e9se (sz\u00e1mviteli bizonylatok meg\u0151rz\u00e9se)<\/p><\/li><li data-start=\"1814\" data-end=\"1900\"><p data-start=\"1816\" data-end=\"1900\"><strong data-start=\"1816\" data-end=\"1839\">GDPR 6. cikk (1) f)<\/strong> \u2013 az adatkezel\u0151 jogos \u00e9rdeke (\u00fcgyf\u00e9lkapcsolat fenntart\u00e1sa)<\/p><\/li><\/ul><hr data-start=\"1902\" data-end=\"1905\" \/><h3 data-start=\"1907\" data-end=\"1935\">5. Adatt\u00e1rol\u00e1s id\u0151tartama<\/h3><ul data-start=\"1936\" data-end=\"2149\"><li data-start=\"1936\" data-end=\"2021\"><p data-start=\"1938\" data-end=\"2021\">Id\u0151pontfoglal\u00e1ssal kapcsolatos adatok: a szolg\u00e1ltat\u00e1s teljes\u00edt\u00e9s\u00e9t k\u00f6vet\u0151 1 \u00e9vig.<\/p><\/li><li data-start=\"2022\" data-end=\"2088\"><p data-start=\"2024\" data-end=\"2088\">Sz\u00e1ml\u00e1z\u00e1si adatok: a sz\u00e1mviteli t\u00f6rv\u00e9nynek megfelel\u0151en 8 \u00e9vig.<\/p><\/li><li data-start=\"2089\" data-end=\"2149\"><p data-start=\"2091\" data-end=\"2149\">Panaszkezel\u00e9si adatok: a panasz lez\u00e1r\u00e1s\u00e1t k\u00f6vet\u0151 5 \u00e9vig.<\/p><\/li><\/ul><hr data-start=\"2151\" data-end=\"2154\" \/><h3 data-start=\"2156\" data-end=\"2177\">6. Adatfeldolgoz\u00f3k<\/h3><p data-start=\"2178\" data-end=\"2308\">A szem\u00e9lyes adatokhoz kiz\u00e1r\u00f3lag az adatkezel\u0151 \u00e9s az \u00e1ltala megb\u00edzott adatfeldolgoz\u00f3k f\u00e9rhetnek hozz\u00e1.<br data-start=\"2279\" data-end=\"2282\" \/>Adatfeldolgoz\u00f3k p\u00e9ld\u00e1ul:<\/p><ul data-start=\"2309\" data-end=\"2390\"><li data-start=\"2309\" data-end=\"2348\"><p data-start=\"2311\" data-end=\"2348\">T\u00e1rhelyszolg\u00e1ltat\u00f3: <strong data-start=\"2331\" data-end=\"2346\">DEVBOX Kft.<\/strong><\/p><\/li><li data-start=\"2349\" data-end=\"2390\"><p data-start=\"2351\" data-end=\"2390\">K\u00f6nyvel\u0151, sz\u00e1ml\u00e1z\u00e1si partner (ha van)<\/p><\/li><\/ul><hr data-start=\"2392\" data-end=\"2395\" \/><h3 data-start=\"2397\" data-end=\"2417\">7. Adattov\u00e1bb\u00edt\u00e1s<\/h3><p data-start=\"2418\" data-end=\"2527\">Szem\u00e9lyes adatokat harmadik f\u00e9lnek az adatkezel\u0151 csak jogszab\u00e1lyi k\u00f6telezetts\u00e9g alapj\u00e1n tov\u00e1bb\u00edt (pl. NAV).<\/p><hr data-start=\"2529\" data-end=\"2532\" \/><h3 data-start=\"2534\" data-end=\"2559\">8. Az \u00e9rintettek jogai<\/h3><p data-start=\"2560\" data-end=\"2604\">Az \u00fcgyfelek a k\u00f6vetkez\u0151 jogokkal \u00e9lhetnek:<\/p><ul data-start=\"2605\" data-end=\"2860\"><li data-start=\"2605\" data-end=\"2647\"><p data-start=\"2607\" data-end=\"2647\">T\u00e1j\u00e9koztat\u00e1s k\u00e9r\u00e9se a kezelt adatokr\u00f3l<\/p><\/li><li data-start=\"2648\" data-end=\"2680\"><p data-start=\"2650\" data-end=\"2680\">Hozz\u00e1f\u00e9r\u00e9s \u00e9s m\u00e1solat k\u00e9r\u00e9se<\/p><\/li><li data-start=\"2681\" data-end=\"2703\"><p data-start=\"2683\" data-end=\"2703\">Helyesb\u00edt\u00e9s k\u00e9r\u00e9se<\/p><\/li><li data-start=\"2704\" data-end=\"2774\"><p data-start=\"2706\" data-end=\"2774\">T\u00f6rl\u00e9s (\u201eelfeledtet\u00e9s joga\u201d), amennyiben nincs jogszab\u00e1lyi akad\u00e1ly<\/p><\/li><li data-start=\"2775\" data-end=\"2802\"><p data-start=\"2777\" data-end=\"2802\">Adatkezel\u00e9s korl\u00e1toz\u00e1sa<\/p><\/li><li data-start=\"2803\" data-end=\"2824\"><p data-start=\"2805\" data-end=\"2824\">Adathordozhat\u00f3s\u00e1g<\/p><\/li><li data-start=\"2825\" data-end=\"2860\"><p data-start=\"2827\" data-end=\"2860\">Tiltakoz\u00e1s az adatkezel\u00e9s ellen<\/p><\/li><\/ul><p data-start=\"2862\" data-end=\"2880\">Jog\u00e9rv\u00e9nyes\u00edt\u00e9s:<\/p><ul data-start=\"2881\" data-end=\"3120\"><li data-start=\"2881\" data-end=\"2941\"><p data-start=\"2883\" data-end=\"2941\">k\u00f6zvetlen\u00fcl az adatkezel\u0151n\u00e9l (<strong data-start=\"2913\" data-end=\"2938\"><a class=\"decorated-link cursor-pointer\" rel=\"noopener\" data-start=\"2915\" data-end=\"2936\">jakabosbeni@gmail.com<\/a><\/strong>)<\/p><\/li><li data-start=\"2942\" data-end=\"3120\"><p data-start=\"2944\" data-end=\"3026\">panasz beny\u00fajt\u00e1sa: <strong data-start=\"2963\" data-end=\"3024\">Nemzeti Adatv\u00e9delmi \u00e9s Inform\u00e1ci\u00f3szabads\u00e1g Hat\u00f3s\u00e1g (NAIH)<\/strong><\/p><ul data-start=\"3029\" data-end=\"3120\"><li data-start=\"3029\" data-end=\"3074\"><p data-start=\"3031\" data-end=\"3074\">C\u00edm: 1055 Budapest, Falk Miksa utca 9-11.<\/p><\/li><li data-start=\"3077\" data-end=\"3120\"><p data-start=\"3079\" data-end=\"3120\">Web: <a class=\"decorated-link cursor-pointer\" target=\"_new\" rel=\"noopener\" data-start=\"3084\" data-end=\"3118\">www.naih.hu<\/a><\/p><\/li><\/ul><\/li><\/ul><hr data-start=\"3122\" data-end=\"3125\" \/><h3 data-start=\"3127\" data-end=\"3146\">9. Adatbiztons\u00e1g<\/h3><p data-start=\"3147\" data-end=\"3311\">Az adatkezel\u0151 megfelel\u0151 technikai \u00e9s szervez\u00e9si int\u00e9zked\u00e9sekkel v\u00e9di a szem\u00e9lyes adatokat a jogosulatlan hozz\u00e1f\u00e9r\u00e9s, megv\u00e1ltoztat\u00e1s, tov\u00e1bb\u00edt\u00e1s vagy t\u00f6rl\u00e9s ellen.<\/p><hr data-start=\"3313\" data-end=\"3316\" \/><h3 data-start=\"3318\" data-end=\"3344\">10. Egy\u00e9b rendelkez\u00e9sek<\/h3><p data-start=\"3345\" data-end=\"3488\">Az adatkezel\u0151 fenntartja a jogot, hogy a jelen t\u00e1j\u00e9koztat\u00f3t b\u00e1rmikor m\u00f3dos\u00edtsa. A m\u00f3dos\u00edt\u00e1s a weboldalon val\u00f3 k\u00f6zz\u00e9t\u00e9tellel v\u00e1lik hat\u00e1lyoss\u00e1.<\/p>\t\t\t\t\t\t\t\t<\/div>\n\t\t\t\t<\/div>\n\t\t\t\t\t<\/div>\n\t\t\t\t<\/div>\n\t\t\t\t<\/div>\n\t\t","protected":false},"excerpt":{"rendered":"<p>ADATKEZEL\u00c9SI T\u00c1J\u00c9KOZTAT\u00d3 Adatkezel\u00e9si T\u00e1j\u00e9koztat\u00f3 JBB Car Cosmetics Kft. \u2013 BB Aut\u00f3kozmetika Hat\u00e1lyos: 2025. okt\u00f3ber 1-t\u0151l visszavon\u00e1sig 1. Az adatkezel\u0151 adatai C\u00e9gn\u00e9v: JBB Car Cosmetics Kft. Sz\u00e9khely: 1021 Budapest, T\u00e1rogat\u00f3 \u00fat 83. C\u00e9gjegyz\u00e9ksz\u00e1m: 01-09-448480 Ad\u00f3sz\u00e1m: 32899081-1-41 \u00dcgyvezet\u0151: Jakabos Benedek B\u00e1lint E-mail: jakabosbeni@gmail.com Telefonsz\u00e1m: +36 20 356 9496 T\u00e1rhelyszolg\u00e1ltat\u00f3: C\u00e9gn\u00e9v: DEVBOX Kft. Sz\u00e9khely: 7054 Tengelic, R\u00e1k\u00f3czi Ferenc [&hellip;]<\/p>\n","protected":false},"author":1,"featured_media":0,"parent":0,"menu_order":0,"comment_status":"closed","ping_status":"closed","template":"elementor_header_footer","meta":{"footnotes":""},"class_list":["post-351","page","type-page","status-publish","hentry"],"_links":{"self":[{"href":"https:\/\/bbautokozmetika.hu\/en\/wp-json\/wp\/v2\/pages\/351","targetHints":{"allow":["GET"]}}],"collection":[{"href":"https:\/\/bbautokozmetika.hu\/en\/wp-json\/wp\/v2\/pages"}],"about":[{"href":"https:\/\/bbautokozmetika.hu\/en\/wp-json\/wp\/v2\/types\/page"}],"author":[{"embeddable":true,"href":"https:\/\/bbautokozmetika.hu\/en\/wp-json\/wp\/v2\/users\/1"}],"replies":[{"embeddable":true,"href":"https:\/\/bbautokozmetika.hu\/en\/wp-json\/wp\/v2\/comments?post=351"}],"version-history":[{"count":4,"href":"https:\/\/bbautokozmetika.hu\/en\/wp-json\/wp\/v2\/pages\/351\/revisions"}],"predecessor-version":[{"id":356,"href":"https:\/\/bbautokozmetika.hu\/en\/wp-json\/wp\/v2\/pages\/351\/revisions\/356"}],"wp:attachment":[{"href":"https:\/\/bbautokozmetika.hu\/en\/wp-json\/wp\/v2\/media?parent=351"}],"curies":[{"name":"wp","href":"https:\/\/api.w.org\/{rel}","templated":true}]}}