{"id":342,"date":"2025-10-01T11:32:50","date_gmt":"2025-10-01T11:32:50","guid":{"rendered":"https:\/\/bbautokozmetika.hu\/?page_id=342"},"modified":"2025-10-01T11:42:38","modified_gmt":"2025-10-01T11:42:38","slug":"aszf","status":"publish","type":"page","link":"https:\/\/bbautokozmetika.hu\/en\/aszf\/","title":{"rendered":"GTC"},"content":{"rendered":"<style>.elementor-342 .elementor-element.elementor-element-393240f > .elementor-container{max-width:1160px;}.elementor-342 .elementor-element.elementor-element-393240f:not(.elementor-motion-effects-element-type-background), .elementor-342 .elementor-element.elementor-element-393240f > .elementor-motion-effects-container > .elementor-motion-effects-layer{background-image:url(\"https:\/\/bbautokozmetika.hu\/wp-content\/uploads\/2025\/09\/car-e1635755342642.jpg\");background-position:center center;background-repeat:no-repeat;background-size:cover;}.elementor-342 .elementor-element.elementor-element-393240f > .elementor-background-overlay{background-color:transparent;background-image:linear-gradient(290deg, var( --e-global-color-primary ) 33%, var( --e-global-color-0cc15bf ) 0%);opacity:0.6;transition:background 0.3s, border-radius 0.3s, opacity 0.3s;}.elementor-342 .elementor-element.elementor-element-393240f{transition:background 0.3s, border 0.3s, border-radius 0.3s, box-shadow 0.3s;padding:220px 0px 150px 0px;}.elementor-bc-flex-widget .elementor-342 .elementor-element.elementor-element-183cd10.elementor-column .elementor-widget-wrap{align-items:center;}.elementor-342 .elementor-element.elementor-element-183cd10.elementor-column.elementor-element[data-element_type=\"column\"] > .elementor-widget-wrap.elementor-element-populated{align-content:center;align-items:center;}.elementor-342 .elementor-element.elementor-element-183cd10.elementor-column > .elementor-widget-wrap{justify-content:center;}.elementor-342 .elementor-element.elementor-element-6d76a29{text-align:center;}.elementor-342 .elementor-element.elementor-element-6d76a29 .elementor-heading-title{font-family:var( --e-global-typography-secondary-font-family ), Sans-serif;font-size:var( --e-global-typography-secondary-font-size );font-weight:var( --e-global-typography-secondary-font-weight );line-height:var( --e-global-typography-secondary-line-height );color:var( --e-global-color-ce3fd52 );}.elementor-342 .elementor-element.elementor-element-ae126a2{--display:flex;--margin-top:50px;--margin-bottom:0px;--margin-left:0px;--margin-right:0px;}:root{--page-title-display:none;}@media(min-width:1025px){.elementor-342 .elementor-element.elementor-element-393240f:not(.elementor-motion-effects-element-type-background), .elementor-342 .elementor-element.elementor-element-393240f > .elementor-motion-effects-container > .elementor-motion-effects-layer{background-attachment:scroll;}}@media(max-width:1024px){.elementor-342 .elementor-element.elementor-element-393240f{padding:220px 0px 100px 0px;}.elementor-342 .elementor-element.elementor-element-6d76a29 .elementor-heading-title{font-size:var( --e-global-typography-secondary-font-size );line-height:var( --e-global-typography-secondary-line-height );}}@media(max-width:767px){.elementor-342 .elementor-element.elementor-element-6d76a29 .elementor-heading-title{font-size:var( --e-global-typography-secondary-font-size );line-height:var( --e-global-typography-secondary-line-height );}}<\/style>\t\t<div data-elementor-type=\"wp-page\" data-elementor-id=\"342\" class=\"elementor elementor-342\" data-elementor-post-type=\"page\">\n\t\t\t\t\t\t<section class=\"elementor-section elementor-top-section elementor-element elementor-element-393240f elementor-section-boxed elementor-section-height-default elementor-section-height-default\" data-id=\"393240f\" data-element_type=\"section\" data-e-type=\"section\" data-settings=\"{&quot;background_background&quot;:&quot;classic&quot;}\">\n\t\t\t\t\t\t\t<div class=\"elementor-background-overlay\"><\/div>\n\t\t\t\t\t\t\t<div class=\"elementor-container elementor-column-gap-default\">\n\t\t\t\t\t<div class=\"elementor-column elementor-col-100 elementor-top-column elementor-element elementor-element-183cd10\" data-id=\"183cd10\" data-element_type=\"column\" data-e-type=\"column\">\n\t\t\t<div class=\"elementor-widget-wrap elementor-element-populated\">\n\t\t\t\t\t\t<div class=\"elementor-element elementor-element-6d76a29 elementor-widget elementor-widget-heading\" data-id=\"6d76a29\" data-element_type=\"widget\" data-e-type=\"widget\" data-widget_type=\"heading.default\">\n\t\t\t\t<div class=\"elementor-widget-container\">\n\t\t\t\t\t<h2 class=\"elementor-heading-title elementor-size-default\">\u00c1SZF<\/h2>\t\t\t\t<\/div>\n\t\t\t\t<\/div>\n\t\t\t\t\t<\/div>\n\t\t<\/div>\n\t\t\t\t\t<\/div>\n\t\t<\/section>\n\t\t<div class=\"elementor-element elementor-element-ae126a2 e-flex e-con-boxed e-con e-parent\" data-id=\"ae126a2\" data-element_type=\"container\" data-e-type=\"container\">\n\t\t\t\t\t<div class=\"e-con-inner\">\n\t\t\t\t<div class=\"elementor-element elementor-element-9ce65f1 elementor-widget elementor-widget-text-editor\" data-id=\"9ce65f1\" data-element_type=\"widget\" data-e-type=\"widget\" data-widget_type=\"text-editor.default\">\n\t\t\t\t<div class=\"elementor-widget-container\">\n\t\t\t\t\t\t\t\t\t<h3 data-start=\"289\" data-end=\"324\">\u00c1ltal\u00e1nos Szerz\u0151d\u00e9si Felt\u00e9telek<\/h3><p data-start=\"325\" data-end=\"370\"><strong data-start=\"325\" data-end=\"370\">JBB Car Cosmetics Kft. \u2013 BB Aut\u00f3kozmetika<\/strong><\/p><p data-start=\"372\" data-end=\"415\">Hat\u00e1lyos: 2025. okt\u00f3ber 1-t\u0151l visszavon\u00e1sig<\/p><hr data-start=\"417\" data-end=\"420\" \/><h3 data-start=\"422\" data-end=\"445\">1. \u00dczemeltet\u0151 adatai<\/h3><ul data-start=\"446\" data-end=\"721\"><li data-start=\"446\" data-end=\"484\"><p data-start=\"448\" data-end=\"484\">C\u00e9gn\u00e9v: <strong data-start=\"456\" data-end=\"482\">JBB Car Cosmetics Kft.<\/strong><\/p><\/li><li data-start=\"485\" data-end=\"533\"><p data-start=\"487\" data-end=\"533\">Sz\u00e9khely: <strong data-start=\"497\" data-end=\"531\">1021 Budapest, T\u00e1rogat\u00f3 \u00fat 83.<\/strong><\/p><\/li><li data-start=\"534\" data-end=\"570\"><p data-start=\"536\" data-end=\"570\">C\u00e9gjegyz\u00e9ksz\u00e1m: <strong data-start=\"552\" data-end=\"568\">01-09-448480<\/strong><\/p><\/li><li data-start=\"571\" data-end=\"601\"><p data-start=\"573\" data-end=\"601\">Ad\u00f3sz\u00e1m: <strong data-start=\"582\" data-end=\"599\">32899081-1-41<\/strong><\/p><\/li><li data-start=\"602\" data-end=\"643\"><p data-start=\"604\" data-end=\"643\">\u00dcgyvezet\u0151: <strong data-start=\"615\" data-end=\"641\">Jakabos Benedek B\u00e1lint<\/strong><\/p><\/li><li data-start=\"644\" data-end=\"686\"><p data-start=\"646\" data-end=\"686\">El\u00e9rhet\u0151s\u00e9g: <strong data-start=\"659\" data-end=\"684\"><a class=\"decorated-link cursor-pointer\" rel=\"noopener\" data-start=\"661\" data-end=\"682\">jakabosbeni@gmail.com<\/a><\/strong><\/p><\/li><li data-start=\"687\" data-end=\"721\"><p data-start=\"689\" data-end=\"721\">Telefonsz\u00e1m: <strong data-start=\"702\" data-end=\"721\">+36 20 356 9496<\/strong><\/p><\/li><\/ul><p data-start=\"723\" data-end=\"744\">T\u00e1rhelyszolg\u00e1ltat\u00f3:<\/p><ul data-start=\"745\" data-end=\"957\"><li data-start=\"745\" data-end=\"772\"><p data-start=\"747\" data-end=\"772\">C\u00e9gn\u00e9v: <strong data-start=\"755\" data-end=\"770\">DEVBOX Kft.<\/strong><\/p><\/li><li data-start=\"773\" data-end=\"826\"><p data-start=\"775\" data-end=\"826\">Sz\u00e9khely: <strong data-start=\"785\" data-end=\"824\">7054 Tengelic, R\u00e1k\u00f3czi Ferenc u. 9.<\/strong><\/p><\/li><li data-start=\"827\" data-end=\"863\"><p data-start=\"829\" data-end=\"863\">C\u00e9gjegyz\u00e9ksz\u00e1m: <strong data-start=\"845\" data-end=\"861\">17-09-010568<\/strong><\/p><\/li><li data-start=\"864\" data-end=\"894\"><p data-start=\"866\" data-end=\"894\">Ad\u00f3sz\u00e1m: <strong data-start=\"875\" data-end=\"892\">25170605-2-17<\/strong><\/p><\/li><li data-start=\"895\" data-end=\"957\"><p data-start=\"897\" data-end=\"957\">Nyilv\u00e1ntart\u00f3 hat\u00f3s\u00e1g: <strong data-start=\"919\" data-end=\"957\">Szeksz\u00e1rdi T\u00f6rv\u00e9nysz\u00e9k C\u00e9gb\u00edr\u00f3s\u00e1ga<\/strong><\/p><\/li><\/ul><hr data-start=\"959\" data-end=\"962\" \/><h3 data-start=\"964\" data-end=\"989\">2. Szolg\u00e1ltat\u00e1sok k\u00f6re<\/h3><p data-start=\"990\" data-end=\"1041\">A BB Aut\u00f3kozmetika \u00e1ltal ny\u00fajtott szolg\u00e1ltat\u00e1sok:<\/p><ul data-start=\"1042\" data-end=\"1238\"><li data-start=\"1042\" data-end=\"1079\"><p data-start=\"1044\" data-end=\"1079\">K\u00fcls\u0151 aut\u00f3mos\u00e1s \u00e9s k\u00e9zi tiszt\u00edt\u00e1s<\/p><\/li><li data-start=\"1080\" data-end=\"1115\"><p data-start=\"1082\" data-end=\"1115\">Pol\u00edroz\u00e1s \u00e9s karossz\u00e9ria \u00e1pol\u00e1s<\/p><\/li><li data-start=\"1116\" data-end=\"1157\"><p data-start=\"1118\" data-end=\"1157\">Bels\u0151 t\u00e9r tiszt\u00edt\u00e1sa, k\u00e1rpittiszt\u00edt\u00e1s<\/p><\/li><li data-start=\"1158\" data-end=\"1200\"><p data-start=\"1160\" data-end=\"1200\">F\u00f3li\u00e1z\u00e1s (karossz\u00e9ria \u00e9s \u00fcvegf\u00f3li\u00e1z\u00e1s)<\/p><\/li><li data-start=\"1201\" data-end=\"1238\"><p data-start=\"1203\" data-end=\"1238\">Egy\u00e9b aut\u00f3kozmetikai szolg\u00e1ltat\u00e1sok<\/p><\/li><\/ul><hr data-start=\"1240\" data-end=\"1243\" \/><h3 data-start=\"1245\" data-end=\"1280\">3. Id\u0151pontfoglal\u00e1s \u00e9s teljes\u00edt\u00e9s<\/h3><ul data-start=\"1281\" data-end=\"1556\"><li data-start=\"1281\" data-end=\"1399\"><p data-start=\"1283\" data-end=\"1399\">Szolg\u00e1ltat\u00e1saink el\u0151zetes id\u0151pontfoglal\u00e1s alapj\u00e1n vehet\u0151k ig\u00e9nybe, szem\u00e9lyesen, telefonon vagy e-mailen kereszt\u00fcl.<\/p><\/li><li data-start=\"1400\" data-end=\"1484\"><p data-start=\"1402\" data-end=\"1484\">A megrendel\u0151 k\u00f6teles pontosan megadni a j\u00e1rm\u0171 adatait \u00e9s a k\u00edv\u00e1nt szolg\u00e1ltat\u00e1st.<\/p><\/li><li data-start=\"1485\" data-end=\"1556\"><p data-start=\"1487\" data-end=\"1556\">A szolg\u00e1ltat\u00e1s id\u0151tartama a g\u00e9pj\u00e1rm\u0171 \u00e1llapot\u00e1t\u00f3l f\u00fcgg\u0151en v\u00e1ltozhat.<\/p><\/li><\/ul><hr data-start=\"1558\" data-end=\"1561\" \/><h3 data-start=\"1563\" data-end=\"1597\">4. D\u00edjak \u00e9s fizet\u00e9si felt\u00e9telek<\/h3><ul data-start=\"1598\" data-end=\"1905\"><li data-start=\"1598\" data-end=\"1681\"><p data-start=\"1600\" data-end=\"1681\">A szolg\u00e1ltat\u00e1sok aktu\u00e1lis d\u00edjszab\u00e1sa a helysz\u00ednen \u00e9s a honlapunkon is el\u00e9rhet\u0151.<\/p><\/li><li data-start=\"1682\" data-end=\"1741\"><p data-start=\"1684\" data-end=\"1741\">A felt\u00fcntetett \u00e1rak brutt\u00f3 \u00e1rak, tartalmazz\u00e1k az \u00c1FA-t.<\/p><\/li><li data-start=\"1742\" data-end=\"1827\"><p data-start=\"1744\" data-end=\"1827\">Fizet\u00e9s m\u00f3dja: k\u00e9szp\u00e9nzben vagy banki \u00e1tutal\u00e1ssal, egyes esetekben bankk\u00e1rty\u00e1val.<\/p><\/li><li data-start=\"1828\" data-end=\"1905\"><p data-start=\"1830\" data-end=\"1905\">Az \u00fcgyf\u00e9l a szolg\u00e1ltat\u00e1s ig\u00e9nybev\u00e9tel\u00e9vel elfogadja az aktu\u00e1lis \u00e1rlist\u00e1t.<\/p><\/li><\/ul><hr data-start=\"1907\" data-end=\"1910\" \/><h3 data-start=\"1912\" data-end=\"1936\">5. Felel\u0151ss\u00e9gv\u00e1llal\u00e1s<\/h3><ul data-start=\"1937\" data-end=\"2387\"><li data-start=\"1937\" data-end=\"2037\"><p data-start=\"1939\" data-end=\"2037\">A JBB Car Cosmetics Kft. a szolg\u00e1ltat\u00e1sokat a szakmai elv\u00e1r\u00e1soknak megfelel\u0151 gondoss\u00e1ggal v\u00e9gzi.<\/p><\/li><li data-start=\"2038\" data-end=\"2109\"><p data-start=\"2040\" data-end=\"2109\">A j\u00e1rm\u0171ben l\u00e9v\u0151 szem\u00e9lyes t\u00e1rgyak\u00e9rt a c\u00e9g felel\u0151ss\u00e9get nem v\u00e1llal.<\/p><\/li><li data-start=\"2110\" data-end=\"2216\"><p data-start=\"2112\" data-end=\"2216\">Az \u00fcgyf\u00e9l k\u00f6teles a j\u00e1rm\u0171v\u00e9t olyan \u00e1llapotban \u00e1tadni, amely lehet\u0151v\u00e9 teszi a biztons\u00e1gos munkav\u00e9gz\u00e9st.<\/p><\/li><li data-start=\"2217\" data-end=\"2387\"><p data-start=\"2219\" data-end=\"2387\">A f\u00f3li\u00e1z\u00e1s \u00e9s pol\u00edroz\u00e1s sor\u00e1n el\u00e9rt eredm\u00e9ny az aut\u00f3 kor\u00e1bbi \u00e1llapot\u00e1t\u00f3l \u00e9s a felhaszn\u00e1lt anyagokt\u00f3l f\u00fcgg, \u00edgy teljes m\u00e9rt\u00e9kben egys\u00e9ges v\u00e9geredm\u00e9ny nem garant\u00e1lhat\u00f3.<\/p><\/li><\/ul><hr data-start=\"2389\" data-end=\"2392\" \/><h3 data-start=\"2394\" data-end=\"2427\">6. El\u00e1ll\u00e1s \u00e9s id\u0151pontm\u00f3dos\u00edt\u00e1s<\/h3><ul data-start=\"2428\" data-end=\"2630\"><li data-start=\"2428\" data-end=\"2527\"><p data-start=\"2430\" data-end=\"2527\">Az \u00fcgyf\u00e9l az id\u0151pontj\u00e1t legk\u00e9s\u0151bb 24 \u00f3r\u00e1val kor\u00e1bban d\u00edjmentesen m\u00f3dos\u00edthatja vagy lemondhatja.<\/p><\/li><li data-start=\"2528\" data-end=\"2630\"><p data-start=\"2530\" data-end=\"2630\">24 \u00f3r\u00e1n bel\u00fcli lemond\u00e1s eset\u00e9n a szolg\u00e1ltat\u00f3 jogosult a szolg\u00e1ltat\u00e1si d\u00edj 50%-\u00e1nak felsz\u00e1m\u00edt\u00e1s\u00e1ra.<\/p><\/li><\/ul><hr data-start=\"2632\" data-end=\"2635\" \/><h3 data-start=\"2637\" data-end=\"2656\">7. Panaszkezel\u00e9s<\/h3><ul data-start=\"2657\" data-end=\"2811\"><li data-start=\"2657\" data-end=\"2750\"><p data-start=\"2659\" data-end=\"2750\">Panasz\u00e1t az \u00fcgyf\u00e9l \u00edr\u00e1sban a k\u00f6vetkez\u0151 e-mail c\u00edmen teheti meg: <strong data-start=\"2723\" data-end=\"2748\"><a class=\"decorated-link cursor-pointer\" rel=\"noopener\" data-start=\"2725\" data-end=\"2746\">jakabosbeni@gmail.com<\/a><\/strong><\/p><\/li><li data-start=\"2751\" data-end=\"2811\"><p data-start=\"2753\" data-end=\"2811\">A be\u00e9rkezett panaszokra 15 munkanapon bel\u00fcl v\u00e1laszolunk.<\/p><\/li><\/ul><hr data-start=\"2813\" data-end=\"2816\" \/><h3 data-start=\"2818\" data-end=\"2835\">8. Adatkezel\u00e9s<\/h3><p data-start=\"2836\" data-end=\"2970\">Az adatkezel\u00e9s r\u00e9szletes szab\u00e1lyait az Adatkezel\u00e9si T\u00e1j\u00e9koztat\u00f3 tartalmazza, amely el\u00e9rhet\u0151 a szolg\u00e1ltat\u00f3 honlapj\u00e1n \u00e9s a helysz\u00ednen.<\/p><hr data-start=\"2972\" data-end=\"2975\" \/><h3>9. Egy\u00e9b rendelkez\u00e9sek<\/h3><ul data-start=\"3003\" data-end=\"3267\"><li data-start=\"3003\" data-end=\"3154\"><p data-start=\"3005\" data-end=\"3154\">A jelen \u00c1SZF-ben nem szab\u00e1lyozott k\u00e9rd\u00e9sekben a Polg\u00e1ri T\u00f6rv\u00e9nyk\u00f6nyv (2013. \u00e9vi V. t\u00f6rv\u00e9ny), valamint a vonatkoz\u00f3 magyar jogszab\u00e1lyok az ir\u00e1nyad\u00f3k.<\/p><\/li><li data-start=\"3155\" data-end=\"3267\"><p data-start=\"3157\" data-end=\"3267\">A szolg\u00e1ltat\u00f3 jogosult az \u00c1SZF-et egyoldal\u00faan m\u00f3dos\u00edtani, a m\u00f3dos\u00edt\u00e1s a k\u00f6zz\u00e9t\u00e9telt\u0151l sz\u00e1m\u00edtva l\u00e9p hat\u00e1lyba.<\/p><\/li><\/ul>\t\t\t\t\t\t\t\t<\/div>\n\t\t\t\t<\/div>\n\t\t\t\t\t<\/div>\n\t\t\t\t<\/div>\n\t\t\t\t<\/div>\n\t\t","protected":false},"excerpt":{"rendered":"<p>\u00c1SZF \u00c1ltal\u00e1nos Szerz\u0151d\u00e9si Felt\u00e9telek JBB Car Cosmetics Kft. \u2013 BB Aut\u00f3kozmetika Hat\u00e1lyos: 2025. okt\u00f3ber 1-t\u0151l visszavon\u00e1sig 1. \u00dczemeltet\u0151 adatai C\u00e9gn\u00e9v: JBB Car Cosmetics Kft. Sz\u00e9khely: 1021 Budapest, T\u00e1rogat\u00f3 \u00fat 83. C\u00e9gjegyz\u00e9ksz\u00e1m: 01-09-448480 Ad\u00f3sz\u00e1m: 32899081-1-41 \u00dcgyvezet\u0151: Jakabos Benedek B\u00e1lint El\u00e9rhet\u0151s\u00e9g: jakabosbeni@gmail.com Telefonsz\u00e1m: +36 20 356 9496 T\u00e1rhelyszolg\u00e1ltat\u00f3: C\u00e9gn\u00e9v: DEVBOX Kft. Sz\u00e9khely: 7054 Tengelic, R\u00e1k\u00f3czi Ferenc u. [&hellip;]<\/p>\n","protected":false},"author":1,"featured_media":0,"parent":0,"menu_order":0,"comment_status":"closed","ping_status":"closed","template":"elementor_header_footer","meta":{"footnotes":""},"class_list":["post-342","page","type-page","status-publish","hentry"],"_links":{"self":[{"href":"https:\/\/bbautokozmetika.hu\/en\/wp-json\/wp\/v2\/pages\/342","targetHints":{"allow":["GET"]}}],"collection":[{"href":"https:\/\/bbautokozmetika.hu\/en\/wp-json\/wp\/v2\/pages"}],"about":[{"href":"https:\/\/bbautokozmetika.hu\/en\/wp-json\/wp\/v2\/types\/page"}],"author":[{"embeddable":true,"href":"https:\/\/bbautokozmetika.hu\/en\/wp-json\/wp\/v2\/users\/1"}],"replies":[{"embeddable":true,"href":"https:\/\/bbautokozmetika.hu\/en\/wp-json\/wp\/v2\/comments?post=342"}],"version-history":[{"count":7,"href":"https:\/\/bbautokozmetika.hu\/en\/wp-json\/wp\/v2\/pages\/342\/revisions"}],"predecessor-version":[{"id":350,"href":"https:\/\/bbautokozmetika.hu\/en\/wp-json\/wp\/v2\/pages\/342\/revisions\/350"}],"wp:attachment":[{"href":"https:\/\/bbautokozmetika.hu\/en\/wp-json\/wp\/v2\/media?parent=342"}],"curies":[{"name":"wp","href":"https:\/\/api.w.org\/{rel}","templated":true}]}}